{"id":17,"date":"2025-06-17T14:27:00","date_gmt":"2025-06-17T12:27:00","guid":{"rendered":"https:\/\/feybamwen.fr\/chantier\/?page_id=17"},"modified":"2025-07-01T17:19:30","modified_gmt":"2025-07-01T15:19:30","slug":"a-propos","status":"publish","type":"page","link":"https:\/\/feybamwen.fr\/chantier\/?page_id=17","title":{"rendered":"A propos"},"content":{"rendered":"\t\t<div data-elementor-type=\"wp-page\" data-elementor-id=\"17\" class=\"elementor elementor-17\" data-elementor-post-type=\"page\">\n\t\t\t\t<div class=\"elementor-element elementor-element-bd12179 e-flex e-con-boxed e-con e-parent\" data-id=\"bd12179\" data-element_type=\"container\">\n\t\t\t\t\t<div class=\"e-con-inner\">\n\t\t\t\t<div class=\"elementor-element elementor-element-ef7285b elementor-widget elementor-widget-heading\" data-id=\"ef7285b\" data-element_type=\"widget\" data-settings=\"{&quot;ekit_we_effect_on&quot;:&quot;none&quot;}\" data-widget_type=\"heading.default\">\n\t\t\t\t<div class=\"elementor-widget-container\">\n\t\t\t\t\t<h2 class=\"elementor-heading-title elementor-size-default\">Qui sommes nous?<\/h2>\t\t\t\t<\/div>\n\t\t\t\t<\/div>\n\t\t\t\t\t<\/div>\n\t\t\t\t<\/div>\n\t\t<div class=\"elementor-element elementor-element-29ffbad e-flex e-con-boxed e-con e-parent\" data-id=\"29ffbad\" data-element_type=\"container\">\n\t\t\t\t\t<div class=\"e-con-inner\">\n\t\t\t\t<div class=\"elementor-element elementor-element-ea16865 elementor-widget elementor-widget-text-editor\" data-id=\"ea16865\" data-element_type=\"widget\" data-settings=\"{&quot;ekit_we_effect_on&quot;:&quot;none&quot;}\" data-widget_type=\"text-editor.default\">\n\t\t\t\t<div class=\"elementor-widget-container\">\n\t\t\t\t\t\t\t\t\t<p>\u00a0<\/p><p><strong>&#8220;Fey Ba Mwen&#8221;<\/strong> est une plateforme num\u00e9rique solidaire qui met en relation les habitants du Cap Nord ayant besoin de services (petits travaux, d\u00e9pannage, entretien, etc.) avec des professionnels locaux qualifi\u00e9s.<\/p><p>\u00a0<\/p><p><strong>L&#8217;objectif\u00a0<\/strong><\/p><p>Faciliter l&#8217;acc\u00e8s \u00e0 des services de proximit\u00e9 pour les personnes vuln\u00e9rables ou ayant des difficult\u00e9s de mobilit\u00e9, en leur permettant de trouver rapidement un professionnel fiable pr\u00e8s de chez eux.<br \/>Soutenir l&#8217;\u00e9conomie locale en offrant aux artisans et professionnels du Cap Nord une visibilit\u00e9 accrue et de nouvelles opportunit\u00e9s de travail.<br \/>Cr\u00e9er du lien social en favorisant les \u00e9changes et la solidarit\u00e9 entre les habitants du territoire.<br \/>R\u00e9pondre aux besoins sp\u00e9cifiques du territoire en proposant une large gamme de services adapt\u00e9s aux r\u00e9alit\u00e9s locales (entretien de jardins cr\u00e9oles, d\u00e9pannage de mat\u00e9riel agricole, etc.).<\/p><p><br \/><strong>Public cible\u00a0<\/strong><\/p><p>Personnes \u00e2g\u00e9es ou \u00e0 mobilit\u00e9 r\u00e9duite : qui ont besoin d&#8217;aide pour les t\u00e2ches quotidiennes et les petits travaux.<br \/>Personnes en situation de pr\u00e9carit\u00e9 : qui ont des difficult\u00e9s \u00e0 acc\u00e9der \u00e0 des services professionnels en raison de leur situation financi\u00e8re.<br \/>Particuliers : qui recherchent des professionnels de confiance pour des travaux ponctuels ou r\u00e9guliers.<br \/>Professionnels locaux : artisans, ind\u00e9pendants, petites entreprises, etc., qui souhaitent d\u00e9velopper leur client\u00e8le.<\/p><p>\u00a0<\/p><p><strong>Objectifs sp\u00e9cifiques pour\u00a0 Cap Nord\u00a0<\/strong><\/p><p>D\u00e9velopper un r\u00e9seau de professionnels locaux comp\u00e9tents et fiables, couvrant l&#8217;ensemble du territoire.<br \/>Mettre en place des partenariats avec les acteurs sociaux et les collectivit\u00e9s locales pour faciliter l&#8217;acc\u00e8s \u00e0 la plateforme aux personnes les plus vuln\u00e9rables.<br \/>Organiser des ateliers et des formations pour accompagner les professionnels dans l&#8217;utilisation de la plateforme et le d\u00e9veloppement de leur activit\u00e9.<br \/>Promouvoir les circuits courts et les savoir-faire locaux.<\/p><p>\u00a0<\/p><p><br \/><em><strong>En r\u00e9sum\u00e9, &#8220;Fey Ba Mwen&#8221; se veut un outil au service du d\u00e9veloppement social et \u00e9conomique du Cap Nord, en valorisant les comp\u00e9tences locales et en renfor\u00e7ant la solidarit\u00e9 entre les habitants.<\/strong><\/em><\/p>\t\t\t\t\t\t\t\t<\/div>\n\t\t\t\t<\/div>\n\t\t\t\t\t<\/div>\n\t\t\t\t<\/div>\n\t\t\t\t<\/div>\n\t\t","protected":false},"excerpt":{"rendered":"<p>Qui sommes nous? \u00a0 &#8220;Fey Ba Mwen&#8221; est une plateforme num\u00e9rique solidaire qui met en relation les habitants du Cap Nord ayant besoin de services (petits travaux, d\u00e9pannage, entretien, etc.) avec des professionnels locaux qualifi\u00e9s. \u00a0 L&#8217;objectif\u00a0 Faciliter l&#8217;acc\u00e8s \u00e0 des services de proximit\u00e9 pour les personnes vuln\u00e9rables ou ayant des difficult\u00e9s de mobilit\u00e9, en [&hellip;]<\/p>\n","protected":false},"author":1,"featured_media":0,"parent":0,"menu_order":0,"comment_status":"closed","ping_status":"closed","template":"elementor_header_footer","meta":{"_acf_changed":false,"footnotes":""},"class_list":["post-17","page","type-page","status-publish","hentry"],"acf":[],"_links":{"self":[{"href":"https:\/\/feybamwen.fr\/chantier\/index.php?rest_route=\/wp\/v2\/pages\/17","targetHints":{"allow":["GET"]}}],"collection":[{"href":"https:\/\/feybamwen.fr\/chantier\/index.php?rest_route=\/wp\/v2\/pages"}],"about":[{"href":"https:\/\/feybamwen.fr\/chantier\/index.php?rest_route=\/wp\/v2\/types\/page"}],"author":[{"embeddable":true,"href":"https:\/\/feybamwen.fr\/chantier\/index.php?rest_route=\/wp\/v2\/users\/1"}],"replies":[{"embeddable":true,"href":"https:\/\/feybamwen.fr\/chantier\/index.php?rest_route=%2Fwp%2Fv2%2Fcomments&post=17"}],"version-history":[{"count":4,"href":"https:\/\/feybamwen.fr\/chantier\/index.php?rest_route=\/wp\/v2\/pages\/17\/revisions"}],"predecessor-version":[{"id":3082,"href":"https:\/\/feybamwen.fr\/chantier\/index.php?rest_route=\/wp\/v2\/pages\/17\/revisions\/3082"}],"wp:attachment":[{"href":"https:\/\/feybamwen.fr\/chantier\/index.php?rest_route=%2Fwp%2Fv2%2Fmedia&parent=17"}],"curies":[{"name":"wp","href":"https:\/\/api.w.org\/{rel}","templated":true}]}}